
            {"id":9,"date":"2015-12-01T13:18:20","date_gmt":"2015-12-01T12:18:20","guid":{"rendered":"http:\/\/cotrasvi.com\/?page_id=9"},"modified":"2022-12-12T21:10:08","modified_gmt":"2022-12-12T20:10:08","slug":"quienes-somos","status":"publish","type":"page","link":"https:\/\/cotrasvi.com\/","title":{"rendered":"Quienes Somos"},"content":{"rendered":"<p>La Sociedad Cooperativa \u00abCotrasvi\u00bb se crea en el a\u00f1o 1994 con 112 socios de los cuales 19 son mujeres. Todos ellos provenientes del antiguo Registro Especial del INEM.<\/p>\n<p style=\"text-align: justify;\">\u00a0\u00a0 \u00a0 \u00a0 \u00a0 \u00a0 \u00a0Como parte de la soluci\u00f3n a la problem\u00e1tica existente en el puerto de Vigo en los \u00faltimos a\u00f1os en el sector de la estiba y desestiba, tras una reuni\u00f3n mantenida en el Gobierno Civil de Pontevedra entre la Sociedad de Estiba, los Consignatarios, armadores de pesca fresca y congelada y los sindicatos existentes en el sector, acuerdan entre otras cosas la creaci\u00f3n de una cooperativa o similar con el personal eventual del antiguo Registro Especial del INEM para tratar de abaratar los costes de las descargas y darles estabilidad de empleo a este colectivo.<\/p>\n<p style=\"text-align: justify;\">\u00a0\u00a0 \u00a0 \u00a0 \u00a0 \u00a0 \u00a0Una vez creada la cooperativa esta efecturar\u00e1 todo el trabajo de estiba p\u00fablica en el puerto de Vigo junto con los trabajadores de la Sociedad de Estiba en base al convenio de la Sociedad de Estiba.<\/p>\n<p style=\"text-align: justify;\">\u00a0\u00a0 \u00a0 \u00a0 \u00a0 \u00a0 \u00a0 En el a\u00f1o 1998 se queda Cotrasvi en solitario realizando el trabajo de estiba de los buques del Gran Sol.<\/p>\n<p style=\"text-align: justify;\">\u00a0\u00a0 \u00a0 \u00a0 \u00a0 \u00a0 \u00a0 En el a\u00f1o 2001 se incorporan 15 nuevos socios de entre los trabajadores contratados. En el a\u00f1o 2006 se incorporan 2 nuevos socios del mismo colectivo.<\/p>\n<p style=\"text-align: justify;\">\u00a0\u00a0 \u00a0 \u00a0 \u00a0 \u00a0 En el a\u00f1o 2006 la Sociedad de Estiba junto con los Consignatarios y los sindicatos mayoritarios acordaron que el trabajo que efectuaban en tr\u00e1fico comercial se realizase por medio de una ETT.<\/p>\n<p style=\"text-align: justify;\">\u00a0\u00a0 \u00a0 \u00a0 \u00a0 \u00a0 \u00a0En estos momentos el trabajo que realizamos es la descarga de pesca fresca del puerto de Vigo con una plantilla de 39 socios de los cuales 10 son mujeres, 9 contratados fijos y un grupo de eventuales , hombres y mujeres, que nos ayudan en los d\u00edas de muchas descargas.<\/p>\n<p><a href=\"https:\/\/cotrasvi.com\/wp-content\/uploads\/2022\/12\/Cotrasvi_subvencion.jpg\"><img loading=\"lazy\" decoding=\"async\" class=\" wp-image-4940 aligncenter\" src=\"https:\/\/cotrasvi.com\/wp-content\/uploads\/2022\/12\/Cotrasvi_subvencion-300x134.jpg\" alt=\"\" width=\"514\" height=\"230\" srcset=\"https:\/\/cotrasvi.com\/wp-content\/uploads\/2022\/12\/Cotrasvi_subvencion-300x134.jpg 300w, https:\/\/cotrasvi.com\/wp-content\/uploads\/2022\/12\/Cotrasvi_subvencion-768x343.jpg 768w, https:\/\/cotrasvi.com\/wp-content\/uploads\/2022\/12\/Cotrasvi_subvencion.jpg 887w\" sizes=\"auto, (max-width: 514px) 100vw, 514px\" \/><\/a><\/p>\n","protected":false},"excerpt":{"rendered":"<p>La Sociedad Cooperativa \u00abCotrasvi\u00bb se crea en el a\u00f1o 1994 con 112 socios de los cuales 19 son mujeres. Todos ellos provenientes del antiguo Registro Especial del INEM. \u00a0\u00a0 \u00a0 \u00a0 \u00a0 \u00a0 \u00a0Como parte de la soluci\u00f3n a la problem\u00e1tica existente en el puerto de Vigo en los \u00faltimos a\u00f1os en el sector de [&hellip;]<\/p>\n","protected":false},"author":2,"featured_media":0,"parent":0,"menu_order":0,"comment_status":"closed","ping_status":"closed","template":"","meta":{"footnotes":""},"class_list":["post-9","page","type-page","status-publish","hentry"],"_links":{"self":[{"href":"https:\/\/cotrasvi.com\/index.php?rest_route=\/wp\/v2\/pages\/9","targetHints":{"allow":["GET"]}}],"collection":[{"href":"https:\/\/cotrasvi.com\/index.php?rest_route=\/wp\/v2\/pages"}],"about":[{"href":"https:\/\/cotrasvi.com\/index.php?rest_route=\/wp\/v2\/types\/page"}],"author":[{"embeddable":true,"href":"https:\/\/cotrasvi.com\/index.php?rest_route=\/wp\/v2\/users\/2"}],"replies":[{"embeddable":true,"href":"https:\/\/cotrasvi.com\/index.php?rest_route=%2Fwp%2Fv2%2Fcomments&post=9"}],"version-history":[{"count":29,"href":"https:\/\/cotrasvi.com\/index.php?rest_route=\/wp\/v2\/pages\/9\/revisions"}],"predecessor-version":[{"id":4942,"href":"https:\/\/cotrasvi.com\/index.php?rest_route=\/wp\/v2\/pages\/9\/revisions\/4942"}],"wp:attachment":[{"href":"https:\/\/cotrasvi.com\/index.php?rest_route=%2Fwp%2Fv2%2Fmedia&parent=9"}],"curies":[{"name":"wp","href":"https:\/\/api.w.org\/{rel}","templated":true}]}}